{"id":10128,"date":"2020-03-25T00:16:33","date_gmt":"2020-03-24T23:16:33","guid":{"rendered":"https:\/\/royalswiss.myskydoowebsite.com\/?post_type=product&#038;p=10128"},"modified":"2023-03-15T00:10:58","modified_gmt":"2023-03-14T23:10:58","slug":"robot-petrin-5-l-1200-w","status":"publish","type":"product","link":"https:\/\/royalswiss.myskydoowebsite.com\/?product=robot-petrin-5-l-1200-w","title":{"rendered":"Robot P\u00e9trin &#8211; 5 L &#8211; 1200 W"},"content":{"rendered":"<p><em>Ce robot P\u00e9trin 1200 Watts de chez Royal Swiss permet de pr\u00e9parer toutes sortes de d\u00e9lices, et est disponible en 2 coloris au choix<\/em><\/p>\n<h4>\u00a0 \u00a0 \u00a0 \u00a0 \u00a0 \u00a0 \u00a0 \u00a0 \u00a0 \u00a0 <img fetchpriority=\"high\" decoding=\"async\" class=\"alignnone size-medium wp-image-10122\" src=\"https:\/\/royalswiss.myskydoowebsite.com\/wp-content\/uploads\/2020\/03\/i-300x261.jpg\" alt=\"\" width=\"300\" height=\"261\" srcset=\"https:\/\/royalswiss.myskydoowebsite.com\/wp-content\/uploads\/2020\/03\/i-300x261.jpg 300w, https:\/\/royalswiss.myskydoowebsite.com\/wp-content\/uploads\/2020\/03\/i-1024x889.jpg 1024w, https:\/\/royalswiss.myskydoowebsite.com\/wp-content\/uploads\/2020\/03\/i-768x667.jpg 768w, https:\/\/royalswiss.myskydoowebsite.com\/wp-content\/uploads\/2020\/03\/i-555x482.jpg 555w, https:\/\/royalswiss.myskydoowebsite.com\/wp-content\/uploads\/2020\/03\/i.jpg 1080w\" sizes=\"(max-width: 300px) 100vw, 300px\" \/>\u00a0 \u00a0 \u00a0 \u00a0 \u00a0 \u00a0 \u00a0 \u00a0 \u00a0 \u00a0 \u00a0 \u00a0 \u00a0 \u00a0 \u00a0 \u00a0 \u00a0 \u00a0 \u00a0 \u00a0 \u00a0 \u00a0 <img decoding=\"async\" class=\"alignnone size-medium wp-image-10121\" src=\"https:\/\/royalswiss.myskydoowebsite.com\/wp-content\/uploads\/2020\/03\/curso-de-reposteria-3-300x200.jpg\" alt=\"\" width=\"300\" height=\"200\" srcset=\"https:\/\/royalswiss.myskydoowebsite.com\/wp-content\/uploads\/2020\/03\/curso-de-reposteria-3-300x200.jpg 300w, https:\/\/royalswiss.myskydoowebsite.com\/wp-content\/uploads\/2020\/03\/curso-de-reposteria-3-555x370.jpg 555w, https:\/\/royalswiss.myskydoowebsite.com\/wp-content\/uploads\/2020\/03\/curso-de-reposteria-3.jpg 731w\" sizes=\"(max-width: 300px) 100vw, 300px\" \/><\/h4>\n<p>&nbsp;<\/p>\n<h4 class=\"title-in-pitch\">Robot P\u00e9trin 1200W<\/h4>\n<ul>\n<li>r\u00e9glages de vitesse (6 )<\/li>\n<li>Bol-anti \u00e9claboussure<\/li>\n<li>Cuvette en acier inoxydable de 5 litres pour max. 2 &#8211; 2.5 kg de pr\u00e9paration de p\u00e2te<\/li>\n<li>En fonte d\u2019aluminium, le crochet d\u2019agitation permet le m\u00e9lange uniforme d\u2019une quantit\u00e9 de p\u00e2te importante<\/li>\n<li>En fonte d\u2019aluminium, le crochet p\u00e9trisseur plus adapt\u00e9 pour les p\u00e2tes lourdes ou p\u00e2te a pain<\/li>\n<li>Fouet en acier inoxydable pour g\u00e9noise l\u00e9g\u00e8re et blancs d\u2019\u0153ufs<\/li>\n<li>M\u00e9canisme sp\u00e9cial d\u2019engrenage robuste<\/li>\n<li>Bras multifonctions pivotant jusqu\u2019\u00e0 35\u00b0<\/li>\n<li>M\u00e9canisme de d\u00e9verrouillage pour le bras multifonctions<\/li>\n<li>Circuit de s\u00e9curit\u00e9<\/li>\n<li>Facile \u00e0 utiliser et \u00e0 nettoyer<\/li>\n<li>Support avec ventouses antid\u00e9rapant<\/li>\n<li>Mandrin \u00e0 serrage rapide pour tenir les outils<\/li>\n<li>1200 W<\/li>\n<li>Coloris : rouge ou Gris<\/li>\n<\/ul>\n<p>&nbsp;<\/p>\n<p><img decoding=\"async\" class=\"size-medium wp-image-10120 aligncenter\" src=\"https:\/\/royalswiss.myskydoowebsite.com\/wp-content\/uploads\/2020\/03\/5-1-300x227.jpg\" alt=\"\" width=\"300\" height=\"227\" srcset=\"https:\/\/royalswiss.myskydoowebsite.com\/wp-content\/uploads\/2020\/03\/5-1-300x227.jpg 300w, https:\/\/royalswiss.myskydoowebsite.com\/wp-content\/uploads\/2020\/03\/5-1-555x420.jpg 555w, https:\/\/royalswiss.myskydoowebsite.com\/wp-content\/uploads\/2020\/03\/5-1.jpg 700w\" sizes=\"(max-width: 300px) 100vw, 300px\" \/><\/p>\n<p>&nbsp;<\/p>\n<h6><strong>Garantie 2 ans\u00a0 ( les retours sont aux frais du client )<\/strong><\/h6>\n<h6><strong><em>Vous pouvez nous retourner votre achat en ligne si :<\/em><\/strong><\/h6>\n<ul>\n<li>\n<h6><strong>Votre produit a \u00e9t\u00e9 livr\u00e9 il y a moins de 7 jours.<\/strong><\/h6>\n<\/li>\n<li>\n<h6><strong>Vous \u00eates toujours en possession de l&#8217;emballage d&rsquo;origine et de son contenu original au complet.<\/strong><\/h6>\n<\/li>\n<li>\n<h6><strong>Vous n&rsquo;avez pas utilis\u00e9 l&rsquo;objet et celui ci est toujours dans son emballage\u00a0<\/strong><\/h6>\n<\/li>\n<li>\n<h6><strong>Vous avez re\u00e7u un produit incorrect ou inappropri\u00e9 et que l&#8217;emballage n&rsquo;est pas ouvert.<\/strong><\/h6>\n<\/li>\n<li>\n<h6><strong>(\u00a0\u00a0Les frais de\u00a0retour\u00a0sont \u00e0 la charge du client, sauf en cas d&rsquo;erreur de notre part et le remboursement se fera seulement apr\u00e8s la r\u00e9ception de nos\u00a0articles\u00a0)\u00a0<\/strong><\/h6>\n<\/li>\n<\/ul>\n<p>&nbsp;<\/p>\n","protected":false},"excerpt":{"rendered":"<p>&nbsp;<\/p>\n<ul>\n<li>Couleur: Rouge\/gris<\/li>\n<li>r\u00e9glages de vitesse<\/li>\n<li>Bol en acier de 5 litres au go\u00fbt neutre pour une pr\u00e9paration de maximum 2 kg<\/li>\n<li>couvercle anti-\u00e9claboussure<\/li>\n<li>1200 W<\/li>\n<li>Bo\u00eete de vitesses sp\u00e9ciale robuste.<\/li>\n<\/ul>\n<p><img loading=\"lazy\" decoding=\"async\" class=\"size-medium wp-image-10123 aligncenter\" src=\"https:\/\/royalswiss.myskydoowebsite.com\/wp-content\/uploads\/2020\/03\/unnamed-1-300x200.jpg\" alt=\"\" width=\"300\" height=\"200\" srcset=\"https:\/\/royalswiss.myskydoowebsite.com\/wp-content\/uploads\/2020\/03\/unnamed-1-300x200.jpg 300w, https:\/\/royalswiss.myskydoowebsite.com\/wp-content\/uploads\/2020\/03\/unnamed-1.jpg 512w\" sizes=\"(max-width: 300px) 100vw, 300px\" \/><\/p>\n","protected":false},"featured_media":10133,"comment_status":"open","ping_status":"closed","template":"","meta":[],"product_brand":[],"product_cat":[56,33,1549],"product_tag":[],"class_list":{"0":"post-10128","1":"product","2":"type-product","3":"status-publish","4":"has-post-thumbnail","6":"product_cat-electromenager","7":"product_cat-petit-electromenager","8":"product_cat-robot-de-patisserie","10":"first","11":"instock","12":"sale","13":"taxable","14":"shipping-taxable","15":"purchasable","16":"product-type-variable"},"_links":{"self":[{"href":"https:\/\/royalswiss.myskydoowebsite.com\/index.php?rest_route=\/wp\/v2\/product\/10128","targetHints":{"allow":["GET"]}}],"collection":[{"href":"https:\/\/royalswiss.myskydoowebsite.com\/index.php?rest_route=\/wp\/v2\/product"}],"about":[{"href":"https:\/\/royalswiss.myskydoowebsite.com\/index.php?rest_route=\/wp\/v2\/types\/product"}],"replies":[{"embeddable":true,"href":"https:\/\/royalswiss.myskydoowebsite.com\/index.php?rest_route=%2Fwp%2Fv2%2Fcomments&post=10128"}],"version-history":[{"count":4,"href":"https:\/\/royalswiss.myskydoowebsite.com\/index.php?rest_route=\/wp\/v2\/product\/10128\/revisions"}],"predecessor-version":[{"id":14380,"href":"https:\/\/royalswiss.myskydoowebsite.com\/index.php?rest_route=\/wp\/v2\/product\/10128\/revisions\/14380"}],"wp:featuredmedia":[{"embeddable":true,"href":"https:\/\/royalswiss.myskydoowebsite.com\/index.php?rest_route=\/wp\/v2\/media\/10133"}],"wp:attachment":[{"href":"https:\/\/royalswiss.myskydoowebsite.com\/index.php?rest_route=%2Fwp%2Fv2%2Fmedia&parent=10128"}],"wp:term":[{"taxonomy":"product_brand","embeddable":true,"href":"https:\/\/royalswiss.myskydoowebsite.com\/index.php?rest_route=%2Fwp%2Fv2%2Fproduct_brand&post=10128"},{"taxonomy":"product_cat","embeddable":true,"href":"https:\/\/royalswiss.myskydoowebsite.com\/index.php?rest_route=%2Fwp%2Fv2%2Fproduct_cat&post=10128"},{"taxonomy":"product_tag","embeddable":true,"href":"https:\/\/royalswiss.myskydoowebsite.com\/index.php?rest_route=%2Fwp%2Fv2%2Fproduct_tag&post=10128"}],"curies":[{"name":"wp","href":"https:\/\/api.w.org\/{rel}","templated":true}]}}