{"id":10009,"date":"2020-03-11T18:34:55","date_gmt":"2020-03-11T17:34:55","guid":{"rendered":"https:\/\/royalswiss.myskydoowebsite.com\/?post_type=product&#038;p=10009"},"modified":"2022-09-15T18:00:54","modified_gmt":"2022-09-15T16:00:54","slug":"raclette-grill-8-personnes","status":"publish","type":"product","link":"https:\/\/royalswiss.myskydoowebsite.com\/?product=raclette-grill-8-personnes","title":{"rendered":"Raclette Grill 8 Personnes"},"content":{"rendered":"<p>Soir\u00e9e en famille , amis ou entre\u00a0 coll\u00e8gues ? Ne vous prenez plus la t\u00eate avec le choix du plat qui mettra des heures de pr\u00e9paration ! Pensez rapide, simple et efficace avec Raclette Grill\u00a0 \u00e9lectrique de chez Royal Swiss. Que vous ayez envie de poisson, de viande, de l\u00e9gumes, elle r\u00e9pondra \u00e0 toutes vos envies en faisant fr\u00e9tiller tous les ingr\u00e9dients de votre choix sur sa plaque de cuisson divis\u00e9 en pierre et en Aluminium.<\/p>\n<p><img fetchpriority=\"high\" decoding=\"async\" class=\"size-medium wp-image-10027 aligncenter\" src=\"https:\/\/royalswiss.myskydoowebsite.com\/wp-content\/uploads\/2020\/03\/unnamed-300x169.jpg\" alt=\"\" width=\"300\" height=\"169\" srcset=\"https:\/\/royalswiss.myskydoowebsite.com\/wp-content\/uploads\/2020\/03\/unnamed-300x169.jpg 300w, https:\/\/royalswiss.myskydoowebsite.com\/wp-content\/uploads\/2020\/03\/unnamed.jpg 512w\" sizes=\"(max-width: 300px) 100vw, 300px\" \/><\/p>\n<p>&nbsp;<\/p>\n<p><strong>La diversit\u00e9 Royal Swiss<\/strong><\/p>\n<p>Royal Swiss propose des appareils \u00e9lectrom\u00e9nagers de qualit\u00e9 et attrayants pour diff\u00e9rents domaines d&rsquo;application (petit d\u00e9jeuner, pr\u00e9paration de repas, grillades, cuisine de f\u00eate) avec un rapport qualit\u00e9\/prix int\u00e9ressant. Nos produits sont pr\u00eats \u00e0 l&#8217;emploi et peuvent \u00eatre mis en marche imm\u00e9diatement par le consommateur. La facilit\u00e9 d&rsquo;utilisation de nos appareils est un autre avantage.<\/p>\n<p><img decoding=\"async\" class=\"size-medium wp-image-10024 aligncenter\" src=\"https:\/\/royalswiss.myskydoowebsite.com\/wp-content\/uploads\/2020\/03\/FRMDVSUS3AA6NONAYIM5FAL2FM-300x187.jpg\" alt=\"\" width=\"300\" height=\"187\" srcset=\"https:\/\/royalswiss.myskydoowebsite.com\/wp-content\/uploads\/2020\/03\/FRMDVSUS3AA6NONAYIM5FAL2FM-300x187.jpg 300w, https:\/\/royalswiss.myskydoowebsite.com\/wp-content\/uploads\/2020\/03\/FRMDVSUS3AA6NONAYIM5FAL2FM-768x480.jpg 768w, https:\/\/royalswiss.myskydoowebsite.com\/wp-content\/uploads\/2020\/03\/FRMDVSUS3AA6NONAYIM5FAL2FM-555x347.jpg 555w, https:\/\/royalswiss.myskydoowebsite.com\/wp-content\/uploads\/2020\/03\/FRMDVSUS3AA6NONAYIM5FAL2FM.jpg 932w\" sizes=\"(max-width: 300px) 100vw, 300px\" \/><\/p>\n<p><strong>Appareil \u00e0 raclette\u00a0 &#8211; Le plaisir de la raclette pour jusqu&rsquo;\u00e0 8 personnes<\/strong><\/p>\n<p>Notre raclette est l&rsquo;id\u00e9al pour une soir\u00e9e agr\u00e9able entre amis ou avec toute la famille. Gr\u00e2ce au gril en aluminium r\u00e9versible avec une face rainur\u00e9e et une face lisse antid\u00e9rapante ainsi qu\u2019\u00e0 la plaque de grillade en pierre naturelle, toutes les conditions sont r\u00e9unies pour une grillade r\u00e9ussie et vari\u00e9e. Les 8 po\u00ealons fournis disposent d&rsquo;un rev\u00eatement antiadh\u00e9sif afin que rien ne br\u00fble.<\/p>\n<p><img decoding=\"async\" class=\"size-medium wp-image-10025 aligncenter\" src=\"https:\/\/royalswiss.myskydoowebsite.com\/wp-content\/uploads\/2020\/03\/large_f33a21c6-300x200.jpg\" alt=\"\" width=\"300\" height=\"200\" srcset=\"https:\/\/royalswiss.myskydoowebsite.com\/wp-content\/uploads\/2020\/03\/large_f33a21c6-300x200.jpg 300w, https:\/\/royalswiss.myskydoowebsite.com\/wp-content\/uploads\/2020\/03\/large_f33a21c6-768x512.jpg 768w, https:\/\/royalswiss.myskydoowebsite.com\/wp-content\/uploads\/2020\/03\/large_f33a21c6-750x500.jpg 750w, https:\/\/royalswiss.myskydoowebsite.com\/wp-content\/uploads\/2020\/03\/large_f33a21c6-555x370.jpg 555w, https:\/\/royalswiss.myskydoowebsite.com\/wp-content\/uploads\/2020\/03\/large_f33a21c6.jpg 900w\" sizes=\"(max-width: 300px) 100vw, 300px\" \/><\/p>\n<p>&nbsp;<\/p>\n<p><strong>Caract\u00e9ristiques techniques<\/strong><\/p>\n<ul>\n<li>Set \u00e0 raclette de qualit\u00e9 sup\u00e9rieure pour jusqu\u2019\u00e0 8 personnes<\/li>\n<li>1 x gril en aluminium r\u00e9versible (\u00f8 = 22,7 cm),<\/li>\n<li>1 x plaque de grillade en pierre naturelle (\u00f8 = 22,7 cm)<\/li>\n<li>8 po\u00ealons (rev\u00eatement antiadh\u00e9sif)<\/li>\n<li>Support antid\u00e9rapant<\/li>\n<li>Puissance de 1400 watts<\/li>\n<\/ul>\n<p><img loading=\"lazy\" decoding=\"async\" class=\"alignnone wp-image-10017\" src=\"https:\/\/royalswiss.myskydoowebsite.com\/wp-content\/uploads\/2020\/03\/Capture-4-300x162.png\" alt=\"\" width=\"354\" height=\"191\" srcset=\"https:\/\/royalswiss.myskydoowebsite.com\/wp-content\/uploads\/2020\/03\/Capture-4-300x162.png 300w, https:\/\/royalswiss.myskydoowebsite.com\/wp-content\/uploads\/2020\/03\/Capture-4-1024x552.png 1024w, https:\/\/royalswiss.myskydoowebsite.com\/wp-content\/uploads\/2020\/03\/Capture-4-768x414.png 768w, https:\/\/royalswiss.myskydoowebsite.com\/wp-content\/uploads\/2020\/03\/Capture-4-1536x827.png 1536w, https:\/\/royalswiss.myskydoowebsite.com\/wp-content\/uploads\/2020\/03\/Capture-4-555x299.png 555w, https:\/\/royalswiss.myskydoowebsite.com\/wp-content\/uploads\/2020\/03\/Capture-4.png 1708w\" sizes=\"(max-width: 354px) 100vw, 354px\" \/>\u00a0 \u00a0 \u00a0\u00a0 <img loading=\"lazy\" decoding=\"async\" class=\"alignnone wp-image-10011\" src=\"https:\/\/royalswiss.myskydoowebsite.com\/wp-content\/uploads\/2020\/03\/71Zp4iuVSgL._SL1500_-160x300.jpg\" alt=\"\" width=\"123\" height=\"231\" srcset=\"https:\/\/royalswiss.myskydoowebsite.com\/wp-content\/uploads\/2020\/03\/71Zp4iuVSgL._SL1500_-160x300.jpg 160w, https:\/\/royalswiss.myskydoowebsite.com\/wp-content\/uploads\/2020\/03\/71Zp4iuVSgL._SL1500_-545x1024.jpg 545w, https:\/\/royalswiss.myskydoowebsite.com\/wp-content\/uploads\/2020\/03\/71Zp4iuVSgL._SL1500_-768x1442.jpg 768w, https:\/\/royalswiss.myskydoowebsite.com\/wp-content\/uploads\/2020\/03\/71Zp4iuVSgL._SL1500_-555x1042.jpg 555w, https:\/\/royalswiss.myskydoowebsite.com\/wp-content\/uploads\/2020\/03\/71Zp4iuVSgL._SL1500_.jpg 799w\" sizes=\"(max-width: 123px) 100vw, 123px\" \/>\u00a0 \u00a0 \u00a0 \u00a0 \u00a0 \u00a0 \u00a0 \u00a0 \u00a0 \u00a0 \u00a0 \u00a0 \u00a0 \u00a0 \u00a0<img loading=\"lazy\" decoding=\"async\" class=\"alignnone size-medium wp-image-10010\" src=\"https:\/\/royalswiss.myskydoowebsite.com\/wp-content\/uploads\/2020\/03\/61NZ1utQ95L._SL1500_-300x147.jpg\" alt=\"\" width=\"300\" height=\"147\" srcset=\"https:\/\/royalswiss.myskydoowebsite.com\/wp-content\/uploads\/2020\/03\/61NZ1utQ95L._SL1500_-300x147.jpg 300w, https:\/\/royalswiss.myskydoowebsite.com\/wp-content\/uploads\/2020\/03\/61NZ1utQ95L._SL1500_-1024x501.jpg 1024w, https:\/\/royalswiss.myskydoowebsite.com\/wp-content\/uploads\/2020\/03\/61NZ1utQ95L._SL1500_-768x376.jpg 768w, https:\/\/royalswiss.myskydoowebsite.com\/wp-content\/uploads\/2020\/03\/61NZ1utQ95L._SL1500_-555x272.jpg 555w, https:\/\/royalswiss.myskydoowebsite.com\/wp-content\/uploads\/2020\/03\/61NZ1utQ95L._SL1500_.jpg 1500w\" sizes=\"(max-width: 300px) 100vw, 300px\" \/><\/p>\n<p>&nbsp;<\/p>\n<p><strong>Dimensions<\/strong><\/p>\n<ul>\n<li>Mesures (L x H x P) : 46 x 15 x 23 cm<\/li>\n<li>Poids : 5 kg<\/li>\n<\/ul>\n<p><strong>Contenu de la livraison<\/strong><\/p>\n<ul>\n<li>1 appareil \u00e0 raclette<\/li>\n<li>8 po\u00ealons<\/li>\n<li>Mode d\u2019emploi<\/li>\n<\/ul>\n<p>&nbsp;<\/p>\n<p>&nbsp;<\/p>\n<p>&nbsp;<\/p>\n<p>&nbsp;<\/p>\n","protected":false},"excerpt":{"rendered":"<p>&nbsp;<\/p>\n<ul class=\"a-unordered-list a-vertical a-spacing-none\">\n<li><span class=\"a-list-item\">Set \u00e0 raclette de qualit\u00e9 sup\u00e9rieure pour jusqu&rsquo;\u00e0 8 personnes<\/span><\/li>\n<li><span class=\"a-list-item\">1 x gril r\u00e9versible (lisse\/rainur\u00e9), 1 x plaque de grillade en pierre naturelle r\u00e9sistant aux rayures<\/span><\/li>\n<li><span class=\"a-list-item\">8 po\u00ealons avec rev\u00eatement antiadh\u00e9sif<\/span><\/li>\n<li><span class=\"a-list-item\">Thermostat r\u00e9glable (max. 1400 W)<\/span><\/li>\n<li><span class=\"a-list-item\">Bo\u00eetier r\u00e9sistant \u00e0 la chaleur + support antid\u00e9rapant<\/span><\/li>\n<\/ul>\n<p><img loading=\"lazy\" decoding=\"async\" class=\"alignnone size-medium wp-image-10026 aligncenter\" src=\"https:\/\/royalswiss.myskydoowebsite.com\/wp-content\/uploads\/2020\/03\/Raclette_Party_1200-300x188.jpg\" alt=\"\" width=\"300\" height=\"188\" srcset=\"https:\/\/royalswiss.myskydoowebsite.com\/wp-content\/uploads\/2020\/03\/Raclette_Party_1200-300x188.jpg 300w, https:\/\/royalswiss.myskydoowebsite.com\/wp-content\/uploads\/2020\/03\/Raclette_Party_1200-1024x640.jpg 1024w, https:\/\/royalswiss.myskydoowebsite.com\/wp-content\/uploads\/2020\/03\/Raclette_Party_1200-768x480.jpg 768w, https:\/\/royalswiss.myskydoowebsite.com\/wp-content\/uploads\/2020\/03\/Raclette_Party_1200-555x347.jpg 555w, https:\/\/royalswiss.myskydoowebsite.com\/wp-content\/uploads\/2020\/03\/Raclette_Party_1200.jpg 1200w\" sizes=\"(max-width: 300px) 100vw, 300px\" \/><\/p>\n<p>&nbsp;<\/p>\n","protected":false},"featured_media":10018,"comment_status":"open","ping_status":"closed","template":"","meta":[],"product_brand":[],"product_cat":[56,33,1558,15],"product_tag":[],"class_list":{"0":"post-10009","1":"product","2":"type-product","3":"status-publish","4":"has-post-thumbnail","6":"product_cat-electromenager","7":"product_cat-petit-electromenager","8":"product_cat-plancha-panini","9":"product_cat-uncategorized","11":"first","12":"outofstock","13":"sale","14":"taxable","15":"shipping-taxable","16":"purchasable","17":"product-type-simple"},"_links":{"self":[{"href":"https:\/\/royalswiss.myskydoowebsite.com\/index.php?rest_route=\/wp\/v2\/product\/10009","targetHints":{"allow":["GET"]}}],"collection":[{"href":"https:\/\/royalswiss.myskydoowebsite.com\/index.php?rest_route=\/wp\/v2\/product"}],"about":[{"href":"https:\/\/royalswiss.myskydoowebsite.com\/index.php?rest_route=\/wp\/v2\/types\/product"}],"replies":[{"embeddable":true,"href":"https:\/\/royalswiss.myskydoowebsite.com\/index.php?rest_route=%2Fwp%2Fv2%2Fcomments&post=10009"}],"version-history":[{"count":8,"href":"https:\/\/royalswiss.myskydoowebsite.com\/index.php?rest_route=\/wp\/v2\/product\/10009\/revisions"}],"predecessor-version":[{"id":14393,"href":"https:\/\/royalswiss.myskydoowebsite.com\/index.php?rest_route=\/wp\/v2\/product\/10009\/revisions\/14393"}],"wp:featuredmedia":[{"embeddable":true,"href":"https:\/\/royalswiss.myskydoowebsite.com\/index.php?rest_route=\/wp\/v2\/media\/10018"}],"wp:attachment":[{"href":"https:\/\/royalswiss.myskydoowebsite.com\/index.php?rest_route=%2Fwp%2Fv2%2Fmedia&parent=10009"}],"wp:term":[{"taxonomy":"product_brand","embeddable":true,"href":"https:\/\/royalswiss.myskydoowebsite.com\/index.php?rest_route=%2Fwp%2Fv2%2Fproduct_brand&post=10009"},{"taxonomy":"product_cat","embeddable":true,"href":"https:\/\/royalswiss.myskydoowebsite.com\/index.php?rest_route=%2Fwp%2Fv2%2Fproduct_cat&post=10009"},{"taxonomy":"product_tag","embeddable":true,"href":"https:\/\/royalswiss.myskydoowebsite.com\/index.php?rest_route=%2Fwp%2Fv2%2Fproduct_tag&post=10009"}],"curies":[{"name":"wp","href":"https:\/\/api.w.org\/{rel}","templated":true}]}}